{"id":879,"date":"2025-08-01T09:12:33","date_gmt":"2025-08-01T07:12:33","guid":{"rendered":"https:\/\/hl-patent.de\/property-rights\/"},"modified":"2025-10-13T14:22:05","modified_gmt":"2025-10-13T12:22:05","slug":"property-rights","status":"publish","type":"page","link":"https:\/\/hl-patent.de\/en\/property-rights\/","title":{"rendered":"Property Rights"},"content":{"rendered":"\t\t<div data-elementor-type=\"wp-page\" data-elementor-id=\"879\" class=\"elementor elementor-879\" data-elementor-post-type=\"page\">\n\t\t\t\t<div class=\"elementor-element elementor-element-9a33fd4 e-flex e-con-boxed e-con e-parent\" data-id=\"9a33fd4\" data-element_type=\"container\" data-e-type=\"container\">\n\t\t\t\t\t<div class=\"e-con-inner\">\n\t\t<div class=\"elementor-element elementor-element-3b7d63e e-con-full e-flex e-con e-child\" data-id=\"3b7d63e\" data-element_type=\"container\" data-e-type=\"container\">\n\t\t\t\t<div class=\"elementor-element elementor-element-f22cd23 elementor-widget elementor-widget-spacer\" data-id=\"f22cd23\" data-element_type=\"widget\" data-e-type=\"widget\" data-widget_type=\"spacer.default\">\n\t\t\t\t\t\t\t<div class=\"elementor-spacer\">\n\t\t\t<div class=\"elementor-spacer-inner\"><\/div>\n\t\t<\/div>\n\t\t\t\t\t\t<\/div>\n\t\t\t\t<\/div>\n\t\t<div class=\"elementor-element elementor-element-f57a9ed e-con-full e-flex e-con e-child\" data-id=\"f57a9ed\" data-element_type=\"container\" data-e-type=\"container\">\n\t\t\t\t<div class=\"elementor-element elementor-element-507c901 elementor-invisible elementor-widget elementor-widget-heading\" data-id=\"507c901\" data-element_type=\"widget\" data-e-type=\"widget\" data-settings=\"{&quot;_animation&quot;:&quot;fadeIn&quot;}\" data-widget_type=\"heading.default\">\n\t\t\t\t\t<h1 class=\"elementor-heading-title elementor-size-default\">Property rights<\/h1>\t\t\t\t<\/div>\n\t\t\t\t<div class=\"elementor-element elementor-element-2131f5a elementor-invisible elementor-widget elementor-widget-heading\" data-id=\"2131f5a\" data-element_type=\"widget\" data-e-type=\"widget\" data-settings=\"{&quot;_animation&quot;:&quot;fadeIn&quot;,&quot;_animation_delay&quot;:150}\" data-widget_type=\"heading.default\">\n\t\t\t\t\t<h2 class=\"elementor-heading-title elementor-size-default\">Your idea deserves legal support.<\/h2>\t\t\t\t<\/div>\n\t\t\t\t<div class=\"elementor-element elementor-element-c53faff elementor-widget elementor-widget-text-editor\" data-id=\"c53faff\" data-element_type=\"widget\" data-e-type=\"widget\" data-widget_type=\"text-editor.default\">\n\t\t\t\t\t\t\t\t\t<p>Ideas are the beginning of everything \u2013 but only those who protect them can fully exploit their potential. Intellectual property rights are the central instrument for legally safeguarding innovations, products, and creative achievements. <\/p><p>Whether it&#8217;s a technical invention, a new design, or a distinctive brand: Without effective protection, you quickly run the risk of being exposed to imitation or unwanted use. Our firm provides comprehensive support in protecting your intellectual property. <\/p><p>We start by analyzing which types of intellectual property rights are useful and possible for your situation \u2013 for example, patents, utility models, trademarks, or designs. We then work with you to develop an individual protection strategy and take over the complete preparation and filing of applications \u2013 nationally and internationally. <\/p><p>In doing so, we keep not only the legal objective in mind, but also economic, temporal, and strategic aspects. Depending on your needs, we also check whether existing property rights of third parties pose a threat or how you can achieve a particularly strong protective effect by combining several rights. We are also there for you after the application \u2013 for example, in the enforcement of your rights or in the event of conflicts with competitors.  <\/p><p>Regardless of whether you are an individual, a medium-sized company, or an international organization: We ensure that your ideas receive the protection they deserve.<\/p>\t\t\t\t\t\t\t\t<\/div>\n\t\t\t\t<\/div>\n\t\t<div class=\"elementor-element elementor-element-3be080a e-con-full e-flex e-con e-child\" data-id=\"3be080a\" data-element_type=\"container\" data-e-type=\"container\">\n\t\t\t\t<div class=\"elementor-element elementor-element-db68c3b elementor-widget elementor-widget-image\" data-id=\"db68c3b\" data-element_type=\"widget\" data-e-type=\"widget\" data-settings=\"{&quot;sticky&quot;:&quot;top&quot;,&quot;sticky_on&quot;:[&quot;tablet&quot;],&quot;sticky_parent&quot;:&quot;yes&quot;,&quot;sticky_offset&quot;:0,&quot;sticky_effects_offset&quot;:0,&quot;sticky_anchor_link_offset&quot;:0}\" data-widget_type=\"image.default\">\n\t\t\t\t\t\t\t\t\t\t\t\t\t\t\t<img fetchpriority=\"high\" decoding=\"async\" width=\"747\" height=\"758\" src=\"https:\/\/hl-patent.de\/wp-content\/uploads\/2025\/08\/schutzrechte.png\" class=\"attachment-large size-large wp-image-825\" alt=\"Patent attorney with tablet on which intellectual property is discussed\" srcset=\"https:\/\/hl-patent.de\/wp-content\/uploads\/2025\/08\/schutzrechte.png 747w, https:\/\/hl-patent.de\/wp-content\/uploads\/2025\/08\/schutzrechte-296x300.png 296w\" sizes=\"(max-width: 747px) 100vw, 747px\" \/>\t\t\t\t\t\t\t\t\t\t\t\t\t\t\t<\/div>\n\t\t\t\t<\/div>\n\t\t<div class=\"elementor-element elementor-element-cd417a4 e-con-full e-flex e-con e-child\" data-id=\"cd417a4\" data-element_type=\"container\" data-e-type=\"container\">\n\t\t\t\t<div class=\"elementor-element elementor-element-c3c72f0 elementor-widget elementor-widget-spacer\" data-id=\"c3c72f0\" data-element_type=\"widget\" data-e-type=\"widget\" data-widget_type=\"spacer.default\">\n\t\t\t\t\t\t\t<div class=\"elementor-spacer\">\n\t\t\t<div class=\"elementor-spacer-inner\"><\/div>\n\t\t<\/div>\n\t\t\t\t\t\t<\/div>\n\t\t\t\t<\/div>\n\t\t\t\t\t<\/div>\n\t\t\t\t<\/div>\n\t\t<div class=\"elementor-element elementor-element-9854240 e-flex e-con-boxed e-con e-parent\" data-id=\"9854240\" data-element_type=\"container\" data-e-type=\"container\" data-settings=\"{&quot;background_background&quot;:&quot;classic&quot;}\">\n\t\t\t\t\t<div class=\"e-con-inner\">\n\t\t<div class=\"elementor-element elementor-element-9c8ee23 e-con-full e-flex e-con e-child\" data-id=\"9c8ee23\" data-element_type=\"container\" data-e-type=\"container\">\n\t\t\t\t<div class=\"elementor-element elementor-element-f51d919 elementor-widget elementor-widget-spacer\" data-id=\"f51d919\" data-element_type=\"widget\" data-e-type=\"widget\" data-widget_type=\"spacer.default\">\n\t\t\t\t\t\t\t<div class=\"elementor-spacer\">\n\t\t\t<div class=\"elementor-spacer-inner\"><\/div>\n\t\t<\/div>\n\t\t\t\t\t\t<\/div>\n\t\t\t\t<div class=\"elementor-element elementor-element-fc7d63e elementor-invisible elementor-widget elementor-widget-heading\" data-id=\"fc7d63e\" data-element_type=\"widget\" data-e-type=\"widget\" data-settings=\"{&quot;_animation&quot;:&quot;fadeIn&quot;}\" data-widget_type=\"heading.default\">\n\t\t\t\t\t<h3 class=\"elementor-heading-title elementor-size-default\">Intellectual property rights for start-ups and SMEs \u2013<br>strategic instead of standardized\n<\/h3>\t\t\t\t<\/div>\n\t\t\t\t<\/div>\n\t\t<div class=\"elementor-element elementor-element-b30338f e-con-full e-flex e-con e-child\" data-id=\"b30338f\" data-element_type=\"container\" data-e-type=\"container\">\n\t\t\t\t<div class=\"elementor-element elementor-element-af6c617 elementor-widget elementor-widget-text-editor\" data-id=\"af6c617\" data-element_type=\"widget\" data-e-type=\"widget\" data-widget_type=\"text-editor.default\">\n\t\t\t\t\t\t\t\t\tYoung companies and smaller businesses in particular often face the challenge of achieving as much protection as possible with a limited budget. A smart intellectual property strategy can make all the difference here \u2013 not only legally, but also economically. We support start-ups and small and medium-sized enterprises (SMEs) in specifically securing their innovative strength. We pay particular attention to ensuring that effort, benefit, and timing are sensibly coordinated. Does it really have to be a patent right away \u2013 or is a utility model sufficient at first? How can several ideas be bundled effectively?     \t\t\t\t\t\t\t\t<\/div>\n\t\t\t\t<\/div>\n\t\t<div class=\"elementor-element elementor-element-3177f03 e-con-full e-flex e-con e-child\" data-id=\"3177f03\" data-element_type=\"container\" data-e-type=\"container\">\n\t\t\t\t<div class=\"elementor-element elementor-element-5862ae5 elementor-widget elementor-widget-text-editor\" data-id=\"5862ae5\" data-element_type=\"widget\" data-e-type=\"widget\" data-widget_type=\"text-editor.default\">\n\t\t\t\t\t\t\t\t\t<p>Which deadlines can be used to postpone decisions until investors are on board? Thanks to our many years of experience, we know what is important in this phase. <\/p><p>We advise you transparently, realistically, and solution-oriented \u2013 so that your intellectual property rights do not become a burden, but a competitive advantage. After all, an intelligent intellectual property portfolio is often the decisive factor when it comes to opening up new markets or winning partners. <\/p>\t\t\t\t\t\t\t\t<\/div>\n\t\t\t\t<\/div>\n\t\t<div class=\"elementor-element elementor-element-75864f6 e-con-full e-flex e-con e-child\" data-id=\"75864f6\" data-element_type=\"container\" data-e-type=\"container\">\n\t\t\t\t<div class=\"elementor-element elementor-element-c104551 elementor-widget elementor-widget-spacer\" data-id=\"c104551\" data-element_type=\"widget\" data-e-type=\"widget\" data-widget_type=\"spacer.default\">\n\t\t\t\t\t\t\t<div class=\"elementor-spacer\">\n\t\t\t<div class=\"elementor-spacer-inner\"><\/div>\n\t\t<\/div>\n\t\t\t\t\t\t<\/div>\n\t\t\t\t<\/div>\n\t\t\t\t\t<\/div>\n\t\t\t\t<\/div>\n\t\t<div class=\"elementor-element elementor-element-80c285b e-flex e-con-boxed e-con e-parent\" data-id=\"80c285b\" data-element_type=\"container\" data-e-type=\"container\">\n\t\t\t\t\t<div class=\"e-con-inner\">\n\t\t\t\t<div class=\"elementor-element elementor-element-5ea1371 elementor-widget elementor-widget-spacer\" data-id=\"5ea1371\" data-element_type=\"widget\" data-e-type=\"widget\" data-widget_type=\"spacer.default\">\n\t\t\t\t\t\t\t<div class=\"elementor-spacer\">\n\t\t\t<div class=\"elementor-spacer-inner\"><\/div>\n\t\t<\/div>\n\t\t\t\t\t\t<\/div>\n\t\t\t\t\t<\/div>\n\t\t\t\t<\/div>\n\t\t<div class=\"elementor-element elementor-element-d9dfa0e e-flex e-con-boxed e-con e-parent\" data-id=\"d9dfa0e\" data-element_type=\"container\" data-e-type=\"container\" data-settings=\"{&quot;background_background&quot;:&quot;classic&quot;}\">\n\t\t\t\t\t<div class=\"e-con-inner\">\n\t\t\t\t<div class=\"elementor-element elementor-element-2905203 elementor-widget elementor-widget-spacer\" data-id=\"2905203\" data-element_type=\"widget\" data-e-type=\"widget\" data-widget_type=\"spacer.default\">\n\t\t\t\t\t\t\t<div class=\"elementor-spacer\">\n\t\t\t<div class=\"elementor-spacer-inner\"><\/div>\n\t\t<\/div>\n\t\t\t\t\t\t<\/div>\n\t\t\t\t<div class=\"elementor-element elementor-element-c7c85c6 elementor-widget elementor-widget-heading\" data-id=\"c7c85c6\" data-element_type=\"widget\" data-e-type=\"widget\" data-widget_type=\"heading.default\">\n\t\t\t\t\t<h3 class=\"elementor-heading-title elementor-size-default\">CONTACT<\/h3>\t\t\t\t<\/div>\n\t\t\t\t<div class=\"elementor-element elementor-element-919e46f elementor-widget-divider--view-line elementor-widget elementor-widget-divider\" data-id=\"919e46f\" data-element_type=\"widget\" data-e-type=\"widget\" data-widget_type=\"divider.default\">\n\t\t\t\t\t\t\t<div class=\"elementor-divider\">\n\t\t\t<span class=\"elementor-divider-separator\">\n\t\t\t\t\t\t<\/span>\n\t\t<\/div>\n\t\t\t\t\t\t<\/div>\n\t\t\t\t<div class=\"elementor-element elementor-element-9ea5379 elementor-widget elementor-widget-spacer\" data-id=\"9ea5379\" data-element_type=\"widget\" data-e-type=\"widget\" data-widget_type=\"spacer.default\">\n\t\t\t\t\t\t\t<div class=\"elementor-spacer\">\n\t\t\t<div class=\"elementor-spacer-inner\"><\/div>\n\t\t<\/div>\n\t\t\t\t\t\t<\/div>\n\t\t\t\t<div class=\"elementor-element elementor-element-4bb0ee8 elementor-widget__width-initial elementor-widget elementor-widget-text-editor\" data-id=\"4bb0ee8\" data-element_type=\"widget\" data-e-type=\"widget\" data-widget_type=\"text-editor.default\">\n\t\t\t\t\t\t\t\t\tFor further information or to arrange a consultation<br>please do not hesitate to contact us.<br><br>\n<span style=\"font-weight:600;\">We look forward to your ideas!<\/span>\t\t\t\t\t\t\t\t<\/div>\n\t\t\t\t<div class=\"elementor-element elementor-element-cc51d03 elementor-widget elementor-widget-spacer\" data-id=\"cc51d03\" data-element_type=\"widget\" data-e-type=\"widget\" data-widget_type=\"spacer.default\">\n\t\t\t\t\t\t\t<div class=\"elementor-spacer\">\n\t\t\t<div class=\"elementor-spacer-inner\"><\/div>\n\t\t<\/div>\n\t\t\t\t\t\t<\/div>\n\t\t\t\t<div class=\"elementor-element elementor-element-c970629 elementor-align-center elementor-invisible elementor-widget elementor-widget-button\" data-id=\"c970629\" data-element_type=\"widget\" data-e-type=\"widget\" data-settings=\"{&quot;_animation&quot;:&quot;fadeIn&quot;}\" data-widget_type=\"button.default\">\n\t\t\t\t\t\t\t\t\t\t<a class=\"elementor-button elementor-button-link elementor-size-sm elementor-animation-grow\" href=\"https:\/\/hl-patent.de\/en\/contact\/\">\n\t\t\t\t\t\t<span class=\"elementor-button-content-wrapper\">\n\t\t\t\t\t\t\t\t\t<span class=\"elementor-button-text\">CONTACT US NOW<\/span>\n\t\t\t\t\t<\/span>\n\t\t\t\t\t<\/a>\n\t\t\t\t\t\t\t\t<\/div>\n\t\t\t\t<div class=\"elementor-element elementor-element-a415834 elementor-widget elementor-widget-spacer\" data-id=\"a415834\" data-element_type=\"widget\" data-e-type=\"widget\" data-widget_type=\"spacer.default\">\n\t\t\t\t\t\t\t<div class=\"elementor-spacer\">\n\t\t\t<div class=\"elementor-spacer-inner\"><\/div>\n\t\t<\/div>\n\t\t\t\t\t\t<\/div>\n\t\t\t\t\t<\/div>\n\t\t\t\t<\/div>\n\t\t\t\t<\/div>\n\t\t","protected":false},"excerpt":{"rendered":"<p>Property rights Your idea deserves legal support. Ideas are the beginning of everything \u2013 but only those who protect them can fully exploit their potential. Intellectual property rights are the central instrument for legally safeguarding innovations, products, and creative achievements. Whether it&#8217;s a technical invention, a new design, or a distinctive brand: Without effective protection, [&hellip;]<\/p>\n","protected":false},"author":2,"featured_media":0,"parent":0,"menu_order":0,"comment_status":"closed","ping_status":"closed","template":"","meta":{"footnotes":""},"class_list":["post-879","page","type-page","status-publish","hentry"],"yoast_head":"<!-- This site is optimized with the Yoast SEO plugin v27.4 - https:\/\/yoast.com\/product\/yoast-seo-wordpress\/ -->\n<title>Property Rights - Patentanw\u00e4lte Hemmer Lindfeld Frese<\/title>\n<meta name=\"description\" content=\"Wer Ideen sch\u00fctzt, sch\u00f6pft Potenzial aus. Schutzrechte sichern Leistungen.\" \/>\n<meta name=\"robots\" content=\"index, follow, max-snippet:-1, max-image-preview:large, max-video-preview:-1\" \/>\n<link rel=\"canonical\" href=\"https:\/\/hl-patent.de\/en\/property-rights\/\" \/>\n<meta property=\"og:locale\" content=\"en_US\" \/>\n<meta property=\"og:type\" content=\"article\" \/>\n<meta property=\"og:title\" content=\"Property Rights - Patentanw\u00e4lte Hemmer Lindfeld Frese\" \/>\n<meta property=\"og:description\" content=\"Wer Ideen sch\u00fctzt, sch\u00f6pft Potenzial aus. Schutzrechte sichern Leistungen.\" \/>\n<meta property=\"og:url\" content=\"https:\/\/hl-patent.de\/en\/property-rights\/\" \/>\n<meta property=\"og:site_name\" content=\"Patentanw\u00e4lte Hemmer Lindfeld Frese\" \/>\n<meta property=\"article:modified_time\" content=\"2025-10-13T12:22:05+00:00\" \/>\n<meta property=\"og:image\" content=\"https:\/\/hl-patent.de\/wp-content\/uploads\/2025\/08\/schutzrechte.png\" \/>\n\t<meta property=\"og:image:width\" content=\"747\" \/>\n\t<meta property=\"og:image:height\" content=\"758\" \/>\n\t<meta property=\"og:image:type\" content=\"image\/png\" \/>\n<meta name=\"twitter:card\" content=\"summary_large_image\" \/>\n<meta name=\"twitter:label1\" content=\"Est. reading time\" \/>\n\t<meta name=\"twitter:data1\" content=\"2 minutes\" \/>\n<script type=\"application\/ld+json\" class=\"yoast-schema-graph\">{\"@context\":\"https:\\\/\\\/schema.org\",\"@graph\":[{\"@type\":\"WebPage\",\"@id\":\"https:\\\/\\\/hl-patent.de\\\/en\\\/property-rights\\\/\",\"url\":\"https:\\\/\\\/hl-patent.de\\\/en\\\/property-rights\\\/\",\"name\":\"Property Rights - Patentanw\u00e4lte Hemmer Lindfeld Frese\",\"isPartOf\":{\"@id\":\"https:\\\/\\\/hl-patent.de\\\/en\\\/#website\"},\"primaryImageOfPage\":{\"@id\":\"https:\\\/\\\/hl-patent.de\\\/en\\\/property-rights\\\/#primaryimage\"},\"image\":{\"@id\":\"https:\\\/\\\/hl-patent.de\\\/en\\\/property-rights\\\/#primaryimage\"},\"thumbnailUrl\":\"https:\\\/\\\/hl-patent.de\\\/wp-content\\\/uploads\\\/2025\\\/08\\\/schutzrechte.png\",\"datePublished\":\"2025-08-01T07:12:33+00:00\",\"dateModified\":\"2025-10-13T12:22:05+00:00\",\"description\":\"Wer Ideen sch\u00fctzt, sch\u00f6pft Potenzial aus. Schutzrechte sichern Leistungen.\",\"breadcrumb\":{\"@id\":\"https:\\\/\\\/hl-patent.de\\\/en\\\/property-rights\\\/#breadcrumb\"},\"inLanguage\":\"en-US\",\"potentialAction\":[{\"@type\":\"ReadAction\",\"target\":[\"https:\\\/\\\/hl-patent.de\\\/en\\\/property-rights\\\/\"]}]},{\"@type\":\"ImageObject\",\"inLanguage\":\"en-US\",\"@id\":\"https:\\\/\\\/hl-patent.de\\\/en\\\/property-rights\\\/#primaryimage\",\"url\":\"https:\\\/\\\/hl-patent.de\\\/wp-content\\\/uploads\\\/2025\\\/08\\\/schutzrechte.png\",\"contentUrl\":\"https:\\\/\\\/hl-patent.de\\\/wp-content\\\/uploads\\\/2025\\\/08\\\/schutzrechte.png\"},{\"@type\":\"BreadcrumbList\",\"@id\":\"https:\\\/\\\/hl-patent.de\\\/en\\\/property-rights\\\/#breadcrumb\",\"itemListElement\":[{\"@type\":\"ListItem\",\"position\":1,\"name\":\"Startseite\",\"item\":\"https:\\\/\\\/hl-patent.de\\\/en\\\/\"},{\"@type\":\"ListItem\",\"position\":2,\"name\":\"Property Rights\"}]},{\"@type\":\"WebSite\",\"@id\":\"https:\\\/\\\/hl-patent.de\\\/en\\\/#website\",\"url\":\"https:\\\/\\\/hl-patent.de\\\/en\\\/\",\"name\":\"Patentanw\u00e4lte Hemmer Lindfeld Frese\",\"description\":\"Dreifach gut betreut\",\"publisher\":{\"@id\":\"https:\\\/\\\/hl-patent.de\\\/en\\\/#organization\"},\"potentialAction\":[{\"@type\":\"SearchAction\",\"target\":{\"@type\":\"EntryPoint\",\"urlTemplate\":\"https:\\\/\\\/hl-patent.de\\\/en\\\/?s={search_term_string}\"},\"query-input\":{\"@type\":\"PropertyValueSpecification\",\"valueRequired\":true,\"valueName\":\"search_term_string\"}}],\"inLanguage\":\"en-US\"},{\"@type\":\"Organization\",\"@id\":\"https:\\\/\\\/hl-patent.de\\\/en\\\/#organization\",\"name\":\"Patentanw\u00e4lte Hemmer Lindfeld Frese\",\"url\":\"https:\\\/\\\/hl-patent.de\\\/en\\\/\",\"logo\":{\"@type\":\"ImageObject\",\"inLanguage\":\"en-US\",\"@id\":\"https:\\\/\\\/hl-patent.de\\\/en\\\/#\\\/schema\\\/logo\\\/image\\\/\",\"url\":\"https:\\\/\\\/hl-patent.de\\\/wp-content\\\/uploads\\\/2025\\\/07\\\/Hemmer-Lindfeld-Frese-Logo.png\",\"contentUrl\":\"https:\\\/\\\/hl-patent.de\\\/wp-content\\\/uploads\\\/2025\\\/07\\\/Hemmer-Lindfeld-Frese-Logo.png\",\"width\":1634,\"height\":256,\"caption\":\"Patentanw\u00e4lte Hemmer Lindfeld Frese\"},\"image\":{\"@id\":\"https:\\\/\\\/hl-patent.de\\\/en\\\/#\\\/schema\\\/logo\\\/image\\\/\"}}]}<\/script>\n<!-- \/ Yoast SEO plugin. -->","yoast_head_json":{"title":"Property Rights - Patentanw\u00e4lte Hemmer Lindfeld Frese","description":"Wer Ideen sch\u00fctzt, sch\u00f6pft Potenzial aus. Schutzrechte sichern Leistungen.","robots":{"index":"index","follow":"follow","max-snippet":"max-snippet:-1","max-image-preview":"max-image-preview:large","max-video-preview":"max-video-preview:-1"},"canonical":"https:\/\/hl-patent.de\/en\/property-rights\/","og_locale":"en_US","og_type":"article","og_title":"Property Rights - Patentanw\u00e4lte Hemmer Lindfeld Frese","og_description":"Wer Ideen sch\u00fctzt, sch\u00f6pft Potenzial aus. Schutzrechte sichern Leistungen.","og_url":"https:\/\/hl-patent.de\/en\/property-rights\/","og_site_name":"Patentanw\u00e4lte Hemmer Lindfeld Frese","article_modified_time":"2025-10-13T12:22:05+00:00","og_image":[{"width":747,"height":758,"url":"https:\/\/hl-patent.de\/wp-content\/uploads\/2025\/08\/schutzrechte.png","type":"image\/png"}],"twitter_card":"summary_large_image","twitter_misc":{"Est. reading time":"2 minutes"},"schema":{"@context":"https:\/\/schema.org","@graph":[{"@type":"WebPage","@id":"https:\/\/hl-patent.de\/en\/property-rights\/","url":"https:\/\/hl-patent.de\/en\/property-rights\/","name":"Property Rights - Patentanw\u00e4lte Hemmer Lindfeld Frese","isPartOf":{"@id":"https:\/\/hl-patent.de\/en\/#website"},"primaryImageOfPage":{"@id":"https:\/\/hl-patent.de\/en\/property-rights\/#primaryimage"},"image":{"@id":"https:\/\/hl-patent.de\/en\/property-rights\/#primaryimage"},"thumbnailUrl":"https:\/\/hl-patent.de\/wp-content\/uploads\/2025\/08\/schutzrechte.png","datePublished":"2025-08-01T07:12:33+00:00","dateModified":"2025-10-13T12:22:05+00:00","description":"Wer Ideen sch\u00fctzt, sch\u00f6pft Potenzial aus. Schutzrechte sichern Leistungen.","breadcrumb":{"@id":"https:\/\/hl-patent.de\/en\/property-rights\/#breadcrumb"},"inLanguage":"en-US","potentialAction":[{"@type":"ReadAction","target":["https:\/\/hl-patent.de\/en\/property-rights\/"]}]},{"@type":"ImageObject","inLanguage":"en-US","@id":"https:\/\/hl-patent.de\/en\/property-rights\/#primaryimage","url":"https:\/\/hl-patent.de\/wp-content\/uploads\/2025\/08\/schutzrechte.png","contentUrl":"https:\/\/hl-patent.de\/wp-content\/uploads\/2025\/08\/schutzrechte.png"},{"@type":"BreadcrumbList","@id":"https:\/\/hl-patent.de\/en\/property-rights\/#breadcrumb","itemListElement":[{"@type":"ListItem","position":1,"name":"Startseite","item":"https:\/\/hl-patent.de\/en\/"},{"@type":"ListItem","position":2,"name":"Property Rights"}]},{"@type":"WebSite","@id":"https:\/\/hl-patent.de\/en\/#website","url":"https:\/\/hl-patent.de\/en\/","name":"Patentanw\u00e4lte Hemmer Lindfeld Frese","description":"Dreifach gut betreut","publisher":{"@id":"https:\/\/hl-patent.de\/en\/#organization"},"potentialAction":[{"@type":"SearchAction","target":{"@type":"EntryPoint","urlTemplate":"https:\/\/hl-patent.de\/en\/?s={search_term_string}"},"query-input":{"@type":"PropertyValueSpecification","valueRequired":true,"valueName":"search_term_string"}}],"inLanguage":"en-US"},{"@type":"Organization","@id":"https:\/\/hl-patent.de\/en\/#organization","name":"Patentanw\u00e4lte Hemmer Lindfeld Frese","url":"https:\/\/hl-patent.de\/en\/","logo":{"@type":"ImageObject","inLanguage":"en-US","@id":"https:\/\/hl-patent.de\/en\/#\/schema\/logo\/image\/","url":"https:\/\/hl-patent.de\/wp-content\/uploads\/2025\/07\/Hemmer-Lindfeld-Frese-Logo.png","contentUrl":"https:\/\/hl-patent.de\/wp-content\/uploads\/2025\/07\/Hemmer-Lindfeld-Frese-Logo.png","width":1634,"height":256,"caption":"Patentanw\u00e4lte Hemmer Lindfeld Frese"},"image":{"@id":"https:\/\/hl-patent.de\/en\/#\/schema\/logo\/image\/"}}]}},"_links":{"self":[{"href":"https:\/\/hl-patent.de\/en\/wp-json\/wp\/v2\/pages\/879","targetHints":{"allow":["GET"]}}],"collection":[{"href":"https:\/\/hl-patent.de\/en\/wp-json\/wp\/v2\/pages"}],"about":[{"href":"https:\/\/hl-patent.de\/en\/wp-json\/wp\/v2\/types\/page"}],"author":[{"embeddable":true,"href":"https:\/\/hl-patent.de\/en\/wp-json\/wp\/v2\/users\/2"}],"replies":[{"embeddable":true,"href":"https:\/\/hl-patent.de\/en\/wp-json\/wp\/v2\/comments?post=879"}],"version-history":[{"count":2,"href":"https:\/\/hl-patent.de\/en\/wp-json\/wp\/v2\/pages\/879\/revisions"}],"predecessor-version":[{"id":884,"href":"https:\/\/hl-patent.de\/en\/wp-json\/wp\/v2\/pages\/879\/revisions\/884"}],"wp:attachment":[{"href":"https:\/\/hl-patent.de\/en\/wp-json\/wp\/v2\/media?parent=879"}],"curies":[{"name":"wp","href":"https:\/\/api.w.org\/{rel}","templated":true}]}}